{"id":64,"date":"2025-02-25T18:58:27","date_gmt":"2025-02-25T17:58:27","guid":{"rendered":"https:\/\/bavarian-energy-group.com\/?page_id=64"},"modified":"2025-02-26T15:07:21","modified_gmt":"2025-02-26T14:07:21","slug":"unternehmen","status":"publish","type":"page","link":"https:\/\/bavarian-energy-group.com\/index.php\/unternehmen\/","title":{"rendered":"Unternehmen"},"content":{"rendered":"\n<figure class=\"wp-block-image size-large\"><img loading=\"lazy\" decoding=\"async\" width=\"1024\" height=\"288\" src=\"https:\/\/bavarian-energy-group.com\/wp-content\/uploads\/2025\/02\/Bild-10-1024x288.jpg\" alt=\"\" class=\"wp-image-267\" srcset=\"https:\/\/bavarian-energy-group.com\/wp-content\/uploads\/2025\/02\/Bild-10-1024x288.jpg 1024w, https:\/\/bavarian-energy-group.com\/wp-content\/uploads\/2025\/02\/Bild-10-300x84.jpg 300w, https:\/\/bavarian-energy-group.com\/wp-content\/uploads\/2025\/02\/Bild-10-768x216.jpg 768w, https:\/\/bavarian-energy-group.com\/wp-content\/uploads\/2025\/02\/Bild-10-1536x432.jpg 1536w, https:\/\/bavarian-energy-group.com\/wp-content\/uploads\/2025\/02\/Bild-10.jpg 2000w\" sizes=\"auto, (max-width: 1024px) 100vw, 1024px\" \/><\/figure>\n\n\n\n<p style=\"line-height:1.3\">Wir freuen uns, Ihnen einen \u00dcberblick \u00fcber unser Unternehmen TT Handels- &amp; Beratungskontor AG und seine Kernt\u00e4tigkeitsbereiche zu geben. Seit unserer Gr\u00fcndung im Jahr 1999 haben wir uns der F\u00f6rderung von Innovation und Nachhaltigkeit in verschiedenen Branchen verschrieben.<\/p>\n\n\n\n<hr class=\"wp-block-separator has-alpha-channel-opacity is-style-dots\" style=\"margin-top:var(--wp--preset--spacing--30);margin-bottom:var(--wp--preset--spacing--30)\"\/>\n\n\n\n<p style=\"line-height:1.3\">Um unsere F\u00e4higkeiten weiter zu verbessern und unsere Gesch\u00e4ftst\u00e4tigkeiten auszuweiten, planen wir eine umfassende Investitionsinitiative. Wir erweitern und st\u00e4rken unsere Handels- und Beratungsaktivit\u00e4ten und erschlie\u00dfen neue M\u00e4rkte, die mit unserem Engagement f\u00fcr Nachhaltigkeit im Einklang stehen.<\/p>\n\n\n\n<hr class=\"wp-block-separator has-alpha-channel-opacity\" style=\"margin-top:var(--wp--preset--spacing--30);margin-bottom:var(--wp--preset--spacing--30)\"\/>\n\n\n\n<p style=\"line-height:1.3\">Im Rahmen dieser Initiative haben wir ein neues Unternehmen im Irak (Bavarian-Energy-Group Holding LLC) gegr\u00fcndet, um unsere strategischen Ziele und Investitionspl\u00e4ne zu unterst\u00fctzen. Dieses neue Unternehmen erm\u00f6glicht es uns, eine lokale Pr\u00e4senz aufrechtzuerhalten, Partnerschaften aufzubauen und direkt auf die Bed\u00fcrfnisse sowohl lokaler als auch internationaler M\u00e4rkte einzugehen.<\/p>\n\n\n\n<hr class=\"wp-block-separator has-alpha-channel-opacity is-style-default\" style=\"margin-top:0;margin-bottom:0\"\/>\n","protected":false},"excerpt":{"rendered":"<p>Wir freuen uns, Ihnen einen \u00dcberblick \u00fcber unser Unternehmen TT Handels- &amp; Beratungskontor AG und seine Kernt\u00e4tigkeitsbereiche zu geben. Seit unserer Gr\u00fcndung im Jahr 1999 haben wir uns der F\u00f6rderung von Innovation und Nachhaltigkeit in verschiedenen Branchen verschrieben. Um unsere<\/p>\n","protected":false},"author":1,"featured_media":0,"parent":0,"menu_order":10,"comment_status":"closed","ping_status":"closed","template":"","meta":{"footnotes":""},"class_list":["post-64","page","type-page","status-publish","hentry","","tg-column-two"],"jetpack_sharing_enabled":true,"_links":{"self":[{"href":"https:\/\/bavarian-energy-group.com\/index.php\/wp-json\/wp\/v2\/pages\/64","targetHints":{"allow":["GET"]}}],"collection":[{"href":"https:\/\/bavarian-energy-group.com\/index.php\/wp-json\/wp\/v2\/pages"}],"about":[{"href":"https:\/\/bavarian-energy-group.com\/index.php\/wp-json\/wp\/v2\/types\/page"}],"author":[{"embeddable":true,"href":"https:\/\/bavarian-energy-group.com\/index.php\/wp-json\/wp\/v2\/users\/1"}],"replies":[{"embeddable":true,"href":"https:\/\/bavarian-energy-group.com\/index.php\/wp-json\/wp\/v2\/comments?post=64"}],"version-history":[{"count":15,"href":"https:\/\/bavarian-energy-group.com\/index.php\/wp-json\/wp\/v2\/pages\/64\/revisions"}],"predecessor-version":[{"id":327,"href":"https:\/\/bavarian-energy-group.com\/index.php\/wp-json\/wp\/v2\/pages\/64\/revisions\/327"}],"wp:attachment":[{"href":"https:\/\/bavarian-energy-group.com\/index.php\/wp-json\/wp\/v2\/media?parent=64"}],"curies":[{"name":"wp","href":"https:\/\/api.w.org\/{rel}","templated":true}]}}