{"id":52,"date":"2025-02-25T18:50:03","date_gmt":"2025-02-25T17:50:03","guid":{"rendered":"https:\/\/bavarian-energy-group.com\/?page_id=52"},"modified":"2025-03-10T21:04:49","modified_gmt":"2025-03-10T20:04:49","slug":"rohstoff-oel","status":"publish","type":"page","link":"https:\/\/bavarian-energy-group.com\/index.php\/rohstoff-oel\/","title":{"rendered":"Rohstoff \u00d6l"},"content":{"rendered":"\n<figure class=\"wp-block-image size-large\"><img loading=\"lazy\" decoding=\"async\" width=\"1024\" height=\"288\" src=\"https:\/\/bavarian-energy-group.com\/wp-content\/uploads\/2025\/02\/Slider-1-1024x288.jpg\" alt=\"\" class=\"wp-image-39\" srcset=\"https:\/\/bavarian-energy-group.com\/wp-content\/uploads\/2025\/02\/Slider-1-1024x288.jpg 1024w, https:\/\/bavarian-energy-group.com\/wp-content\/uploads\/2025\/02\/Slider-1-300x84.jpg 300w, https:\/\/bavarian-energy-group.com\/wp-content\/uploads\/2025\/02\/Slider-1-768x216.jpg 768w, https:\/\/bavarian-energy-group.com\/wp-content\/uploads\/2025\/02\/Slider-1-1536x432.jpg 1536w, https:\/\/bavarian-energy-group.com\/wp-content\/uploads\/2025\/02\/Slider-1.jpg 2000w\" sizes=\"auto, (max-width: 1024px) 100vw, 1024px\" \/><\/figure>\n\n\n\n<div class=\"wp-block-columns is-layout-flex wp-container-core-columns-is-layout-28f84493 wp-block-columns-is-layout-flex\">\n<div class=\"wp-block-column is-layout-flow wp-block-column-is-layout-flow\">\n<h2 class=\"wp-block-heading\">Roh\u00f6l<\/h2>\n\n\n\n<figure class=\"wp-block-image size-large\"><a href=\"https:\/\/bavarian-energy-group.com\/index.php\/rohoel\/\"><img loading=\"lazy\" decoding=\"async\" width=\"1024\" height=\"288\" src=\"https:\/\/bavarian-energy-group.com\/wp-content\/uploads\/2025\/02\/Slider-1-1024x288.jpg\" alt=\"\" class=\"wp-image-39\" srcset=\"https:\/\/bavarian-energy-group.com\/wp-content\/uploads\/2025\/02\/Slider-1-1024x288.jpg 1024w, https:\/\/bavarian-energy-group.com\/wp-content\/uploads\/2025\/02\/Slider-1-300x84.jpg 300w, https:\/\/bavarian-energy-group.com\/wp-content\/uploads\/2025\/02\/Slider-1-768x216.jpg 768w, https:\/\/bavarian-energy-group.com\/wp-content\/uploads\/2025\/02\/Slider-1-1536x432.jpg 1536w, https:\/\/bavarian-energy-group.com\/wp-content\/uploads\/2025\/02\/Slider-1.jpg 2000w\" sizes=\"auto, (max-width: 1024px) 100vw, 1024px\" \/><\/a><\/figure>\n<\/div>\n\n\n\n<div class=\"wp-block-column is-layout-flow wp-block-column-is-layout-flow\">\n<h2 class=\"wp-block-heading\">\u00d6l Schiffe<\/h2>\n\n\n\n<figure class=\"wp-block-image size-large\"><a href=\"https:\/\/bavarian-energy-group.com\/index.php\/oel-schiffe\/\"><img loading=\"lazy\" decoding=\"async\" width=\"1024\" height=\"288\" src=\"https:\/\/bavarian-energy-group.com\/wp-content\/uploads\/2025\/02\/Bild-5-1024x288.jpg\" alt=\"\" class=\"wp-image-248\" srcset=\"https:\/\/bavarian-energy-group.com\/wp-content\/uploads\/2025\/02\/Bild-5-1024x288.jpg 1024w, https:\/\/bavarian-energy-group.com\/wp-content\/uploads\/2025\/02\/Bild-5-300x84.jpg 300w, https:\/\/bavarian-energy-group.com\/wp-content\/uploads\/2025\/02\/Bild-5-768x216.jpg 768w, https:\/\/bavarian-energy-group.com\/wp-content\/uploads\/2025\/02\/Bild-5-1536x432.jpg 1536w, https:\/\/bavarian-energy-group.com\/wp-content\/uploads\/2025\/02\/Bild-5.jpg 2000w\" sizes=\"auto, (max-width: 1024px) 100vw, 1024px\" \/><\/a><\/figure>\n<\/div>\n<\/div>\n\n\n\n<div class=\"wp-block-columns is-layout-flex wp-container-core-columns-is-layout-28f84493 wp-block-columns-is-layout-flex\">\n<div class=\"wp-block-column is-layout-flow wp-block-column-is-layout-flow\">\n<h2 class=\"wp-block-heading\">\u00d6l Tank<\/h2>\n\n\n\n<figure class=\"wp-block-image size-large\"><a href=\"https:\/\/bavarian-energy-group.com\/index.php\/oel-tank\/\"><img loading=\"lazy\" decoding=\"async\" width=\"1024\" height=\"288\" src=\"https:\/\/bavarian-energy-group.com\/wp-content\/uploads\/2025\/03\/Bild-24-1024x288.jpg\" alt=\"\" class=\"wp-image-358\" srcset=\"https:\/\/bavarian-energy-group.com\/wp-content\/uploads\/2025\/03\/Bild-24-1024x288.jpg 1024w, https:\/\/bavarian-energy-group.com\/wp-content\/uploads\/2025\/03\/Bild-24-300x84.jpg 300w, https:\/\/bavarian-energy-group.com\/wp-content\/uploads\/2025\/03\/Bild-24-768x216.jpg 768w, https:\/\/bavarian-energy-group.com\/wp-content\/uploads\/2025\/03\/Bild-24-1536x432.jpg 1536w, https:\/\/bavarian-energy-group.com\/wp-content\/uploads\/2025\/03\/Bild-24.jpg 2000w\" sizes=\"auto, (max-width: 1024px) 100vw, 1024px\" \/><\/a><\/figure>\n<\/div>\n\n\n\n<div class=\"wp-block-column is-layout-flow wp-block-column-is-layout-flow\"><\/div>\n<\/div>\n\n\n\n<p><\/p>\n","protected":false},"excerpt":{"rendered":"<p>Roh\u00f6l \u00d6l Schiffe \u00d6l Tank<\/p>\n","protected":false},"author":1,"featured_media":0,"parent":0,"menu_order":50,"comment_status":"closed","ping_status":"closed","template":"","meta":{"footnotes":""},"class_list":["post-52","page","type-page","status-publish","hentry","","tg-column-two"],"jetpack_sharing_enabled":true,"_links":{"self":[{"href":"https:\/\/bavarian-energy-group.com\/index.php\/wp-json\/wp\/v2\/pages\/52","targetHints":{"allow":["GET"]}}],"collection":[{"href":"https:\/\/bavarian-energy-group.com\/index.php\/wp-json\/wp\/v2\/pages"}],"about":[{"href":"https:\/\/bavarian-energy-group.com\/index.php\/wp-json\/wp\/v2\/types\/page"}],"author":[{"embeddable":true,"href":"https:\/\/bavarian-energy-group.com\/index.php\/wp-json\/wp\/v2\/users\/1"}],"replies":[{"embeddable":true,"href":"https:\/\/bavarian-energy-group.com\/index.php\/wp-json\/wp\/v2\/comments?post=52"}],"version-history":[{"count":16,"href":"https:\/\/bavarian-energy-group.com\/index.php\/wp-json\/wp\/v2\/pages\/52\/revisions"}],"predecessor-version":[{"id":372,"href":"https:\/\/bavarian-energy-group.com\/index.php\/wp-json\/wp\/v2\/pages\/52\/revisions\/372"}],"wp:attachment":[{"href":"https:\/\/bavarian-energy-group.com\/index.php\/wp-json\/wp\/v2\/media?parent=52"}],"curies":[{"name":"wp","href":"https:\/\/api.w.org\/{rel}","templated":true}]}}