{"id":103,"date":"2025-02-25T19:55:26","date_gmt":"2025-02-25T18:55:26","guid":{"rendered":"https:\/\/bavarian-energy-group.com\/?page_id=103"},"modified":"2025-02-26T19:03:09","modified_gmt":"2025-02-26T18:03:09","slug":"pv-agri-anlagen","status":"publish","type":"page","link":"https:\/\/bavarian-energy-group.com\/index.php\/pv-agri-anlagen\/","title":{"rendered":"PV \u2013 AGRI Anlagen"},"content":{"rendered":"\n<figure class=\"wp-block-image size-large\"><img loading=\"lazy\" decoding=\"async\" width=\"1024\" height=\"288\" src=\"https:\/\/bavarian-energy-group.com\/wp-content\/uploads\/2025\/02\/Bild-17-1024x288.jpg\" alt=\"\" class=\"wp-image-334\" srcset=\"https:\/\/bavarian-energy-group.com\/wp-content\/uploads\/2025\/02\/Bild-17-1024x288.jpg 1024w, https:\/\/bavarian-energy-group.com\/wp-content\/uploads\/2025\/02\/Bild-17-300x84.jpg 300w, https:\/\/bavarian-energy-group.com\/wp-content\/uploads\/2025\/02\/Bild-17-768x216.jpg 768w, https:\/\/bavarian-energy-group.com\/wp-content\/uploads\/2025\/02\/Bild-17-1536x432.jpg 1536w, https:\/\/bavarian-energy-group.com\/wp-content\/uploads\/2025\/02\/Bild-17.jpg 2000w\" sizes=\"auto, (max-width: 1024px) 100vw, 1024px\" \/><\/figure>\n\n\n\n<p>Agri-Photovoltaik ist eine Technologie, die es erm\u00f6glicht landwirtschaftliche Fl\u00e4chen sowohl f\u00fcr die Pflanzenproduktion <br>als auch f\u00fcr die Gewinnung elektrischer Energie durch Photovoltaik zu nutzen.<br><\/p>\n\n\n\n<figure class=\"wp-block-gallery has-nested-images columns-default is-cropped wp-block-gallery-1 is-layout-flex wp-block-gallery-is-layout-flex\"><\/figure>\n","protected":false},"excerpt":{"rendered":"<p>Agri-Photovoltaik ist eine Technologie, die es erm\u00f6glicht landwirtschaftliche Fl\u00e4chen sowohl f\u00fcr die Pflanzenproduktion als auch f\u00fcr die Gewinnung elektrischer Energie durch Photovoltaik zu nutzen.<\/p>\n","protected":false},"author":1,"featured_media":0,"parent":0,"menu_order":23,"comment_status":"closed","ping_status":"closed","template":"","meta":{"footnotes":""},"class_list":["post-103","page","type-page","status-publish","hentry","","tg-column-two"],"jetpack_sharing_enabled":true,"_links":{"self":[{"href":"https:\/\/bavarian-energy-group.com\/index.php\/wp-json\/wp\/v2\/pages\/103","targetHints":{"allow":["GET"]}}],"collection":[{"href":"https:\/\/bavarian-energy-group.com\/index.php\/wp-json\/wp\/v2\/pages"}],"about":[{"href":"https:\/\/bavarian-energy-group.com\/index.php\/wp-json\/wp\/v2\/types\/page"}],"author":[{"embeddable":true,"href":"https:\/\/bavarian-energy-group.com\/index.php\/wp-json\/wp\/v2\/users\/1"}],"replies":[{"embeddable":true,"href":"https:\/\/bavarian-energy-group.com\/index.php\/wp-json\/wp\/v2\/comments?post=103"}],"version-history":[{"count":2,"href":"https:\/\/bavarian-energy-group.com\/index.php\/wp-json\/wp\/v2\/pages\/103\/revisions"}],"predecessor-version":[{"id":338,"href":"https:\/\/bavarian-energy-group.com\/index.php\/wp-json\/wp\/v2\/pages\/103\/revisions\/338"}],"wp:attachment":[{"href":"https:\/\/bavarian-energy-group.com\/index.php\/wp-json\/wp\/v2\/media?parent=103"}],"curies":[{"name":"wp","href":"https:\/\/api.w.org\/{rel}","templated":true}]}}